{"id":473,"date":"2025-08-29T14:41:15","date_gmt":"2025-08-29T12:41:15","guid":{"rendered":"https:\/\/www.occitanie-cosplay.fr\/?page_id=473"},"modified":"2026-04-12T09:22:43","modified_gmt":"2026-04-12T07:22:43","slug":"animations-locations","status":"publish","type":"page","link":"https:\/\/www.occitanie-cosplay.fr\/index.php\/animations-locations\/","title":{"rendered":"Animations &#8211; D\u00e9cors"},"content":{"rendered":"\n<p class=\"has-text-align-center has-large-font-size\"><strong>Bienvenue dans l\u2019univers immersif d&rsquo;Occitanie Cosplay<\/strong><\/p>\n\n\n\n<p class=\"has-text-align-center has-medium-font-size\"><br>Plongez au c\u0153ur de vos univers pr\u00e9f\u00e9r\u00e9s gr\u00e2ce \u00e0 notre service unique de <strong>location de d\u00e9cors et d\u2019animations cosplay<\/strong> ! <\/p>\n\n\n\n<div style=\"height:35px\" aria-hidden=\"true\" class=\"wp-block-spacer\"><\/div>\n\n\n\n<div class=\"wp-block-columns is-layout-flex wp-container-core-columns-is-layout-9d6595d7 wp-block-columns-is-layout-flex\">\n<div class=\"wp-block-column is-layout-flow wp-block-column-is-layout-flow\" style=\"flex-basis:25%\">\n<p><strong>Animations cosplay interactives<\/strong> : nos membres incarnent des personnagesembl\u00e9matiques pour animer vos \u00e9v\u00e9nements, accueillir vos invit\u00e9s, ou cr\u00e9er des moments photo inoubliables.<\/p>\n<\/div>\n\n\n\n<div class=\"wp-block-column is-layout-flow wp-block-column-is-layout-flow\" style=\"flex-basis:25%\">\n<p><strong>Personnalisation sur demande<\/strong> : vous avez une id\u00e9e pr\u00e9cise ? Nous collaborons avec vous pour cr\u00e9er un d\u00e9cor ou une animation sur mesure.<\/p>\n<\/div>\n\n\n\n<div class=\"wp-block-column is-layout-flow wp-block-column-is-layout-flow\" style=\"flex-basis:25%\">\n<p><strong>D\u00e9cors th\u00e9matiques \u00e0 louer<\/strong> : ch\u00e2teaux m\u00e9di\u00e9vaux, vaisseaux spatiaux, ruelles steampunk, temples mystiques<\/p>\n<\/div>\n\n\n\n<div class=\"wp-block-column is-layout-flow wp-block-column-is-layout-flow\" style=\"flex-basis:25%\">\n<p><strong>\u00c9v\u00e9nements &amp; conventions<\/strong> : retrouvez-nous sur les salons, festivals et rassemblements geek o\u00f9 nous donnons vie \u00e0 vos univers favoris<\/p>\n<\/div>\n<\/div>\n\n\n\n<div style=\"height:33px\" aria-hidden=\"true\" class=\"wp-block-spacer\"><\/div>\n\n\n\n<hr class=\"wp-block-separator has-alpha-channel-opacity\"\/>\n\n\n\n<div class=\"wp-block-columns is-layout-flex wp-container-core-columns-is-layout-9d6595d7 wp-block-columns-is-layout-flex\">\n<div class=\"wp-block-column is-layout-flow wp-block-column-is-layout-flow\" style=\"flex-basis:100%\">\n<div class=\"wp-block-group\"><div class=\"wp-block-group__inner-container is-layout-constrained wp-block-group-is-layout-constrained\">\n<figure class=\"wp-block-gallery has-nested-images columns-4 is-cropped wp-block-gallery-1 is-layout-flex wp-block-gallery-is-layout-flex\">\n<figure class=\"wp-block-image size-large\"><img loading=\"lazy\" decoding=\"async\" width=\"704\" height=\"1024\" data-id=\"588\" src=\"https:\/\/www.occitanie-cosplay.fr\/wp-content\/uploads\/2026\/04\/480362335_654236147125228_4947772181931200914_n-704x1024.jpg\" alt=\"\" class=\"wp-image-588\" srcset=\"https:\/\/www.occitanie-cosplay.fr\/wp-content\/uploads\/2026\/04\/480362335_654236147125228_4947772181931200914_n-704x1024.jpg 704w, https:\/\/www.occitanie-cosplay.fr\/wp-content\/uploads\/2026\/04\/480362335_654236147125228_4947772181931200914_n-206x300.jpg 206w, https:\/\/www.occitanie-cosplay.fr\/wp-content\/uploads\/2026\/04\/480362335_654236147125228_4947772181931200914_n-768x1118.jpg 768w, https:\/\/www.occitanie-cosplay.fr\/wp-content\/uploads\/2026\/04\/480362335_654236147125228_4947772181931200914_n-1055x1536.jpg 1055w, https:\/\/www.occitanie-cosplay.fr\/wp-content\/uploads\/2026\/04\/480362335_654236147125228_4947772181931200914_n-1024x1491.jpg 1024w, https:\/\/www.occitanie-cosplay.fr\/wp-content\/uploads\/2026\/04\/480362335_654236147125228_4947772181931200914_n-742x1080.jpg 742w, https:\/\/www.occitanie-cosplay.fr\/wp-content\/uploads\/2026\/04\/480362335_654236147125228_4947772181931200914_n.jpg 1407w\" sizes=\"auto, (max-width: 704px) 100vw, 704px\" \/><\/figure>\n\n\n\n<figure class=\"wp-block-image size-large\"><img loading=\"lazy\" decoding=\"async\" width=\"655\" height=\"960\" data-id=\"589\" src=\"https:\/\/www.occitanie-cosplay.fr\/wp-content\/uploads\/2026\/04\/480482970_654231633792346_8487857114626945799_n.jpg\" alt=\"\" class=\"wp-image-589\" srcset=\"https:\/\/www.occitanie-cosplay.fr\/wp-content\/uploads\/2026\/04\/480482970_654231633792346_8487857114626945799_n.jpg 655w, https:\/\/www.occitanie-cosplay.fr\/wp-content\/uploads\/2026\/04\/480482970_654231633792346_8487857114626945799_n-205x300.jpg 205w\" sizes=\"auto, (max-width: 655px) 100vw, 655px\" \/><\/figure>\n\n\n\n<figure class=\"wp-block-image size-large\"><img loading=\"lazy\" decoding=\"async\" width=\"460\" height=\"1024\" data-id=\"591\" src=\"https:\/\/www.occitanie-cosplay.fr\/wp-content\/uploads\/2026\/04\/601842221_898710639344443_2774793493463532110_n-460x1024.jpg\" alt=\"\" class=\"wp-image-591\" srcset=\"https:\/\/www.occitanie-cosplay.fr\/wp-content\/uploads\/2026\/04\/601842221_898710639344443_2774793493463532110_n-460x1024.jpg 460w, https:\/\/www.occitanie-cosplay.fr\/wp-content\/uploads\/2026\/04\/601842221_898710639344443_2774793493463532110_n-135x300.jpg 135w, https:\/\/www.occitanie-cosplay.fr\/wp-content\/uploads\/2026\/04\/601842221_898710639344443_2774793493463532110_n-689x1536.jpg 689w, https:\/\/www.occitanie-cosplay.fr\/wp-content\/uploads\/2026\/04\/601842221_898710639344443_2774793493463532110_n-485x1080.jpg 485w, https:\/\/www.occitanie-cosplay.fr\/wp-content\/uploads\/2026\/04\/601842221_898710639344443_2774793493463532110_n.jpg 736w\" sizes=\"auto, (max-width: 460px) 100vw, 460px\" \/><\/figure>\n\n\n\n<figure class=\"wp-block-image size-large\"><img loading=\"lazy\" decoding=\"async\" width=\"683\" height=\"1024\" data-id=\"593\" src=\"https:\/\/www.occitanie-cosplay.fr\/wp-content\/uploads\/2026\/04\/591289997_10240295106775113_2742812868412122371_n-683x1024.jpg\" alt=\"\" class=\"wp-image-593\" srcset=\"https:\/\/www.occitanie-cosplay.fr\/wp-content\/uploads\/2026\/04\/591289997_10240295106775113_2742812868412122371_n-683x1024.jpg 683w, https:\/\/www.occitanie-cosplay.fr\/wp-content\/uploads\/2026\/04\/591289997_10240295106775113_2742812868412122371_n-200x300.jpg 200w, https:\/\/www.occitanie-cosplay.fr\/wp-content\/uploads\/2026\/04\/591289997_10240295106775113_2742812868412122371_n-768x1152.jpg 768w, https:\/\/www.occitanie-cosplay.fr\/wp-content\/uploads\/2026\/04\/591289997_10240295106775113_2742812868412122371_n-1024x1536.jpg 1024w, https:\/\/www.occitanie-cosplay.fr\/wp-content\/uploads\/2026\/04\/591289997_10240295106775113_2742812868412122371_n-720x1080.jpg 720w, https:\/\/www.occitanie-cosplay.fr\/wp-content\/uploads\/2026\/04\/591289997_10240295106775113_2742812868412122371_n.jpg 1365w\" sizes=\"auto, (max-width: 683px) 100vw, 683px\" \/><\/figure>\n<\/figure>\n<\/div><\/div>\n<\/div>\n<\/div>\n","protected":false},"excerpt":{"rendered":"<p>Bienvenue dans l\u2019univers immersif d&rsquo;Occitanie Cosplay Plongez au c\u0153ur de vos univers pr\u00e9f\u00e9r\u00e9s gr\u00e2ce \u00e0 notre service unique de location de d\u00e9cors et d\u2019animations cosplay ! Animations cosplay interactives : nos membres incarnent des personnagesembl\u00e9matiques pour animer vos \u00e9v\u00e9nements, accueillir vos invit\u00e9s, ou cr\u00e9er des moments photo inoubliables. Personnalisation sur demande : vous avez une&hellip; <br \/> <a class=\"read-more\" href=\"https:\/\/www.occitanie-cosplay.fr\/index.php\/animations-locations\/\">Lire la suite<\/a><\/p>\n","protected":false},"author":3,"featured_media":0,"parent":0,"menu_order":0,"comment_status":"closed","ping_status":"closed","template":"","meta":{"footnotes":""},"class_list":["post-473","page","type-page","status-publish","hentry"],"_links":{"self":[{"href":"https:\/\/www.occitanie-cosplay.fr\/index.php\/wp-json\/wp\/v2\/pages\/473","targetHints":{"allow":["GET"]}}],"collection":[{"href":"https:\/\/www.occitanie-cosplay.fr\/index.php\/wp-json\/wp\/v2\/pages"}],"about":[{"href":"https:\/\/www.occitanie-cosplay.fr\/index.php\/wp-json\/wp\/v2\/types\/page"}],"author":[{"embeddable":true,"href":"https:\/\/www.occitanie-cosplay.fr\/index.php\/wp-json\/wp\/v2\/users\/3"}],"replies":[{"embeddable":true,"href":"https:\/\/www.occitanie-cosplay.fr\/index.php\/wp-json\/wp\/v2\/comments?post=473"}],"version-history":[{"count":35,"href":"https:\/\/www.occitanie-cosplay.fr\/index.php\/wp-json\/wp\/v2\/pages\/473\/revisions"}],"predecessor-version":[{"id":607,"href":"https:\/\/www.occitanie-cosplay.fr\/index.php\/wp-json\/wp\/v2\/pages\/473\/revisions\/607"}],"wp:attachment":[{"href":"https:\/\/www.occitanie-cosplay.fr\/index.php\/wp-json\/wp\/v2\/media?parent=473"}],"curies":[{"name":"wp","href":"https:\/\/api.w.org\/{rel}","templated":true}]}}