{"id":319,"date":"2022-06-06T21:06:58","date_gmt":"2022-06-06T19:06:58","guid":{"rendered":"http:\/\/www.occitanie-cosplay.fr\/?page_id=319"},"modified":"2026-04-11T10:58:38","modified_gmt":"2026-04-11T08:58:38","slug":"conference-cosplay-alliance-japon-2022","status":"publish","type":"page","link":"https:\/\/www.occitanie-cosplay.fr\/index.php\/conference-cosplay-alliance-japon-2022\/","title":{"rendered":"Conf\u00e9rence Cosplay"},"content":{"rendered":"\n<p><strong>Plongez au c\u0153ur de l\u2019univers du cosplay avec Occitanie Cosplay !<\/strong><\/p>\n\n\n\n<p>Nous vous invitons \u00e0 d\u00e9couvrir une animation-conf\u00e9rence unique, anim\u00e9e par les passionn\u00e9s et cr\u00e9ateurs talentueux d\u2019<strong>Occitanie Cosplay<\/strong>. \u00c0 travers cette rencontre, nos adh\u00e9rents partageront leur exp\u00e9rience, leurs techniques et leur vision d\u2019un art qui m\u00eale imagination, artisanat et performance.<\/p>\n\n\n\n<p>Au programme :<\/p>\n\n\n\n<ul class=\"wp-block-list\">\n<li>Une exploration du cosplay, de ses origines \u00e0 son \u00e9volution actuelle<\/li>\n\n\n\n<li>Les secrets de fabrication des costumes, accessoires et maquillages<\/li>\n\n\n\n<li>Des t\u00e9moignages inspirants sur la pratique, la sc\u00e8ne et la communaut\u00e9<\/li>\n\n\n\n<li>Un \u00e9change ouvert pour r\u00e9pondre \u00e0 toutes vos questions<\/li>\n<\/ul>\n\n\n\n<p>Que vous soyez curieux, amateur de pop culture, cr\u00e9ateur en herbe ou cosplayeur confirm\u00e9, cette conf\u00e9rence est l\u2019occasion id\u00e9ale pour plonger dans les coulisses d\u2019une discipline cr\u00e9ative et inclusive, port\u00e9e par une communaut\u00e9 passionn\u00e9e.<\/p>\n\n\n\n<p>Rejoignez-nous pour un moment convivial, instructif et riche en d\u00e9couvertes, en compagnie des membres d\u2019Occitanie Cosplay.<\/p>\n\n\n\n<hr class=\"wp-block-separator has-alpha-channel-opacity\"\/>\n\n\n\n<div class=\"wp-block-group\"><div class=\"wp-block-group__inner-container is-layout-constrained wp-block-group-is-layout-constrained\">\n<div class=\"wp-block-columns is-layout-flex wp-container-core-columns-is-layout-9d6595d7 wp-block-columns-is-layout-flex\">\n<div class=\"wp-block-column is-layout-flow wp-block-column-is-layout-flow\" style=\"flex-basis:100%\">\n<figure class=\"wp-block-embed is-type-video is-provider-youtube wp-block-embed-youtube wp-embed-aspect-16-9 wp-has-aspect-ratio\"><div class=\"wp-block-embed__wrapper\">\n<div class='embed-container'><iframe loading=\"lazy\" title=\"Conf\u00e9rence Cosplay - Occitanie Cosplay - Alliance Japon\" width=\"1920\" height=\"1080\" src=\"https:\/\/www.youtube.com\/embed\/kVE5tU4gWUc?feature=oembed\" frameborder=\"0\" allow=\"accelerometer; autoplay; clipboard-write; encrypted-media; gyroscope; picture-in-picture; web-share\" referrerpolicy=\"strict-origin-when-cross-origin\" allowfullscreen><\/iframe><\/div>\n<\/div><\/figure>\n<\/div>\n<\/div>\n<\/div><\/div>\n","protected":false},"excerpt":{"rendered":"<p>Plongez au c\u0153ur de l\u2019univers du cosplay avec Occitanie Cosplay ! Nous vous invitons \u00e0 d\u00e9couvrir une animation-conf\u00e9rence unique, anim\u00e9e par les passionn\u00e9s et cr\u00e9ateurs talentueux d\u2019Occitanie Cosplay. \u00c0 travers cette rencontre, nos adh\u00e9rents partageront leur exp\u00e9rience, leurs techniques et leur vision d\u2019un art qui m\u00eale imagination, artisanat et performance. Au programme : Que vous&hellip; <br \/> <a class=\"read-more\" href=\"https:\/\/www.occitanie-cosplay.fr\/index.php\/conference-cosplay-alliance-japon-2022\/\">Lire la suite<\/a><\/p>\n","protected":false},"author":1,"featured_media":0,"parent":0,"menu_order":0,"comment_status":"closed","ping_status":"closed","template":"","meta":{"footnotes":""},"class_list":["post-319","page","type-page","status-publish","hentry"],"_links":{"self":[{"href":"https:\/\/www.occitanie-cosplay.fr\/index.php\/wp-json\/wp\/v2\/pages\/319","targetHints":{"allow":["GET"]}}],"collection":[{"href":"https:\/\/www.occitanie-cosplay.fr\/index.php\/wp-json\/wp\/v2\/pages"}],"about":[{"href":"https:\/\/www.occitanie-cosplay.fr\/index.php\/wp-json\/wp\/v2\/types\/page"}],"author":[{"embeddable":true,"href":"https:\/\/www.occitanie-cosplay.fr\/index.php\/wp-json\/wp\/v2\/users\/1"}],"replies":[{"embeddable":true,"href":"https:\/\/www.occitanie-cosplay.fr\/index.php\/wp-json\/wp\/v2\/comments?post=319"}],"version-history":[{"count":6,"href":"https:\/\/www.occitanie-cosplay.fr\/index.php\/wp-json\/wp\/v2\/pages\/319\/revisions"}],"predecessor-version":[{"id":582,"href":"https:\/\/www.occitanie-cosplay.fr\/index.php\/wp-json\/wp\/v2\/pages\/319\/revisions\/582"}],"wp:attachment":[{"href":"https:\/\/www.occitanie-cosplay.fr\/index.php\/wp-json\/wp\/v2\/media?parent=319"}],"curies":[{"name":"wp","href":"https:\/\/api.w.org\/{rel}","templated":true}]}}